{"id":10672,"date":"2023-01-11T12:18:37","date_gmt":"2023-01-11T11:18:37","guid":{"rendered":"https:\/\/www.valformica.it\/nachrichten\/"},"modified":"2023-09-26T17:34:49","modified_gmt":"2023-09-26T15:34:49","slug":"nachrichten","status":"publish","type":"page","link":"https:\/\/www.valformica.it\/de\/nachrichten\/","title":{"rendered":"Nachrichten"},"content":{"rendered":"\t\t<div data-elementor-type=\"wp-page\" data-elementor-id=\"10672\" class=\"elementor elementor-10672 elementor-4545\" data-elementor-post-type=\"page\">\n\t\t\t\t\t\t<section class=\"elementor-section elementor-top-section elementor-element elementor-element-44bcc94 elementor-section-full_width elementor-section-height-min-height elementor-section-stretched elementor-section-height-default elementor-section-items-middle\" data-id=\"44bcc94\" data-element_type=\"section\" data-e-type=\"section\" data-settings=\"{&quot;stretch_section&quot;:&quot;section-stretched&quot;,&quot;jet_parallax_layout_list&quot;:[],&quot;background_background&quot;:&quot;slideshow&quot;,&quot;background_slideshow_gallery&quot;:[{&quot;id&quot;:4547,&quot;url&quot;:&quot;https:\\\/\\\/www.valformica.it\\\/wp-content\\\/uploads\\\/2023\\\/01\\\/VF_F_LEO11201.jpeg&quot;}],&quot;background_slideshow_loop&quot;:&quot;yes&quot;,&quot;background_slideshow_slide_duration&quot;:5000,&quot;background_slideshow_slide_transition&quot;:&quot;fade&quot;,&quot;background_slideshow_transition_duration&quot;:500}\">\n\t\t\t\t\t\t<div class=\"elementor-container elementor-column-gap-default\">\n\t\t\t\t\t<div class=\"elementor-column elementor-col-100 elementor-top-column elementor-element elementor-element-f2f1fd5\" data-id=\"f2f1fd5\" data-element_type=\"column\" data-e-type=\"column\">\n\t\t\t<div class=\"elementor-widget-wrap elementor-element-populated\">\n\t\t\t\t\t\t<div class=\"elementor-element elementor-element-bab02be elementor-widget elementor-widget-text-editor\" data-id=\"bab02be\" data-element_type=\"widget\" data-e-type=\"widget\" data-widget_type=\"text-editor.default\">\n\t\t\t\t<div class=\"elementor-widget-container\">\n\t\t\t\t\t\t\t\t\t<p>Nachrichten<\/p>\n\t\t\t\t\t\t\t\t<\/div>\n\t\t\t\t<\/div>\n\t\t\t\t<div class=\"elementor-element elementor-element-6b99c91 elementor-widget elementor-widget-text-editor\" data-id=\"6b99c91\" data-element_type=\"widget\" data-e-type=\"widget\" data-widget_type=\"text-editor.default\">\n\t\t\t\t<div class=\"elementor-widget-container\">\n\t\t\t\t\t\t\t\t\t<p>Luxury Resort Val Formica<\/p>\n\t\t\t\t\t\t\t\t<\/div>\n\t\t\t\t<\/div>\n\t\t\t\t\t<\/div>\n\t\t<\/div>\n\t\t\t\t\t<\/div>\n\t\t<\/section>\n\t\t\t\t<section class=\"elementor-section elementor-top-section elementor-element elementor-element-478e1bc elementor-section-stretched elementor-section-full_width elementor-section-height-default elementor-section-height-default\" data-id=\"478e1bc\" data-element_type=\"section\" data-e-type=\"section\" data-settings=\"{&quot;stretch_section&quot;:&quot;section-stretched&quot;,&quot;jet_parallax_layout_list&quot;:[],&quot;background_background&quot;:&quot;classic&quot;}\">\n\t\t\t\t\t\t<div class=\"elementor-container elementor-column-gap-default\">\n\t\t\t\t\t<div class=\"elementor-column elementor-col-100 elementor-top-column elementor-element elementor-element-d6c5ad2\" data-id=\"d6c5ad2\" data-element_type=\"column\" data-e-type=\"column\">\n\t\t\t<div class=\"elementor-widget-wrap elementor-element-populated\">\n\t\t\t\t\t\t<div class=\"elementor-element elementor-element-769af27 elementor-widget elementor-widget-text-editor\" data-id=\"769af27\" data-element_type=\"widget\" data-e-type=\"widget\" data-widget_type=\"text-editor.default\">\n\t\t\t\t<div class=\"elementor-widget-container\">\n\t\t\t\t\t\t\t\t\t<p>ERFAHREN SIE ALLE NEWS VON VAL FORMICA UND BLEIBEN SIE AUF DEM LAUFENDEN<\/p>\n\t\t\t\t\t\t\t\t<\/div>\n\t\t\t\t<\/div>\n\t\t\t\t\t<\/div>\n\t\t<\/div>\n\t\t\t\t\t<\/div>\n\t\t<\/section>\n\t\t\t\t<section class=\"elementor-section elementor-top-section elementor-element elementor-element-4a1207b elementor-section-stretched elementor-section-full_width elementor-section-height-default elementor-section-height-default\" data-id=\"4a1207b\" data-element_type=\"section\" data-e-type=\"section\" data-settings=\"{&quot;stretch_section&quot;:&quot;section-stretched&quot;,&quot;jet_parallax_layout_list&quot;:[],&quot;background_background&quot;:&quot;classic&quot;}\">\n\t\t\t\t\t\t<div class=\"elementor-container elementor-column-gap-default\">\n\t\t\t\t\t<div class=\"elementor-column elementor-col-100 elementor-top-column elementor-element elementor-element-92176a3\" data-id=\"92176a3\" data-element_type=\"column\" data-e-type=\"column\">\n\t\t\t<div class=\"elementor-widget-wrap elementor-element-populated\">\n\t\t\t\t\t\t<div class=\"elementor-element elementor-element-8bbd472 elementor-grid-3 elementor-grid-tablet-2 elementor-grid-mobile-1 elementor-posts--thumbnail-top elementor-card-shadow-yes elementor-posts__hover-gradient elementor-widget elementor-widget-posts\" data-id=\"8bbd472\" data-element_type=\"widget\" data-e-type=\"widget\" data-settings=\"{&quot;cards_columns&quot;:&quot;3&quot;,&quot;cards_columns_tablet&quot;:&quot;2&quot;,&quot;cards_columns_mobile&quot;:&quot;1&quot;,&quot;cards_row_gap&quot;:{&quot;unit&quot;:&quot;px&quot;,&quot;size&quot;:35,&quot;sizes&quot;:[]},&quot;cards_row_gap_tablet&quot;:{&quot;unit&quot;:&quot;px&quot;,&quot;size&quot;:&quot;&quot;,&quot;sizes&quot;:[]},&quot;cards_row_gap_mobile&quot;:{&quot;unit&quot;:&quot;px&quot;,&quot;size&quot;:&quot;&quot;,&quot;sizes&quot;:[]}}\" data-widget_type=\"posts.cards\">\n\t\t\t\t<div class=\"elementor-widget-container\">\n\t\t\t\t\t\t\t<div class=\"elementor-posts-container elementor-posts elementor-posts--skin-cards elementor-grid\" role=\"list\">\n\t\t\t\t<article class=\"elementor-post elementor-grid-item post-10427 post type-post status-publish format-standard has-post-thumbnail hentry category-resort-de tag-blick tag-natur tag-suite-de tag-val-formica-resort\" role=\"listitem\">\n\t\t\t<div class=\"elementor-post__card\">\n\t\t\t\t<a class=\"elementor-post__thumbnail__link\" href=\"https:\/\/www.valformica.it\/de\/2023\/01\/26\/blick-auf-das-skigebiet\/\" tabindex=\"-1\" ><div class=\"elementor-post__thumbnail\"><img fetchpriority=\"high\" decoding=\"async\" width=\"800\" height=\"571\" src=\"https:\/\/www.valformica.it\/wp-content\/uploads\/2023\/01\/Vista-sulla-Ski-Area.-val-formica-1024x731.jpg\" class=\"attachment-large size-large wp-image-10199\" alt=\"\" srcset=\"https:\/\/www.valformica.it\/wp-content\/uploads\/2023\/01\/Vista-sulla-Ski-Area.-val-formica-1024x731.jpg 1024w, https:\/\/www.valformica.it\/wp-content\/uploads\/2023\/01\/Vista-sulla-Ski-Area.-val-formica-300x214.jpg 300w, https:\/\/www.valformica.it\/wp-content\/uploads\/2023\/01\/Vista-sulla-Ski-Area.-val-formica-768x548.jpg 768w, https:\/\/www.valformica.it\/wp-content\/uploads\/2023\/01\/Vista-sulla-Ski-Area.-val-formica.jpg 1200w\" sizes=\"(max-width: 800px) 100vw, 800px\" \/><\/div><\/a>\n\t\t\t\t<div class=\"elementor-post__badge\">resort<\/div>\n\t\t\t\t<div class=\"elementor-post__text\">\n\t\t\t\t<h3 class=\"elementor-post__title\">\n\t\t\t<a href=\"https:\/\/www.valformica.it\/de\/2023\/01\/26\/blick-auf-das-skigebiet\/\" >\n\t\t\t\tBlick auf das Skigebiet.\t\t\t<\/a>\n\t\t<\/h3>\n\t\t\t\t<div class=\"elementor-post__excerpt\">\n\t\t\t<p>Alle die Suiten in unserem Luxury Resort verf\u00fcgen \u00fcber einen gro\u00dfen Balkon mit Blick auf das Ski Area.<\/p>\n\t\t<\/div>\n\t\t\n\t\t<a class=\"elementor-post__read-more\" href=\"https:\/\/www.valformica.it\/de\/2023\/01\/26\/blick-auf-das-skigebiet\/\" aria-label=\"Mehr \u00fcber Blick auf das Skigebiet.\" tabindex=\"-1\" >\n\t\t\tMehr lesen \u00bb\t\t<\/a>\n\n\t\t\t\t<\/div>\n\t\t\t\t<div class=\"elementor-post__meta-data\">\n\t\t\t\t\t<span class=\"elementor-post-date\">\n\t\t\t26. Januar 2023\t\t<\/span>\n\t\t\t\t<\/div>\n\t\t\t\t\t<\/div>\n\t\t<\/article>\n\t\t\t\t<article class=\"elementor-post elementor-grid-item post-10446 post type-post status-publish format-standard has-post-thumbnail hentry category-ski-area-de tag-chalet-val-formica tag-schnee tag-ski-area-de tag-skischule-val-formica tag-val-formica-de\" role=\"listitem\">\n\t\t\t<div class=\"elementor-post__card\">\n\t\t\t\t<a class=\"elementor-post__thumbnail__link\" href=\"https:\/\/www.valformica.it\/de\/2023\/01\/15\/das-hochste-band-auf-altopiano-di-asiago\/\" tabindex=\"-1\" ><div class=\"elementor-post__thumbnail\"><img decoding=\"async\" width=\"800\" height=\"600\" src=\"https:\/\/www.valformica.it\/wp-content\/uploads\/2023\/01\/Il-tapis-roulant-piu-alto-dellAltopiano-di-Asiago-val-formica-1024x768.jpg\" class=\"attachment-large size-large wp-image-10193\" alt=\"\" srcset=\"https:\/\/www.valformica.it\/wp-content\/uploads\/2023\/01\/Il-tapis-roulant-piu-alto-dellAltopiano-di-Asiago-val-formica-1024x768.jpg 1024w, https:\/\/www.valformica.it\/wp-content\/uploads\/2023\/01\/Il-tapis-roulant-piu-alto-dellAltopiano-di-Asiago-val-formica-300x225.jpg 300w, https:\/\/www.valformica.it\/wp-content\/uploads\/2023\/01\/Il-tapis-roulant-piu-alto-dellAltopiano-di-Asiago-val-formica-768x576.jpg 768w, https:\/\/www.valformica.it\/wp-content\/uploads\/2023\/01\/Il-tapis-roulant-piu-alto-dellAltopiano-di-Asiago-val-formica.jpg 1200w\" sizes=\"(max-width: 800px) 100vw, 800px\" \/><\/div><\/a>\n\t\t\t\t<div class=\"elementor-post__badge\">SKI AREA<\/div>\n\t\t\t\t<div class=\"elementor-post__text\">\n\t\t\t\t<h3 class=\"elementor-post__title\">\n\t\t\t<a href=\"https:\/\/www.valformica.it\/de\/2023\/01\/15\/das-hochste-band-auf-altopiano-di-asiago\/\" >\n\t\t\t\tDas h\u00f6chste F\u00f6rderand auf Altopiano di Asiago\t\t\t<\/a>\n\t\t<\/h3>\n\t\t\t\t<div class=\"elementor-post__excerpt\">\n\t\t\t<p>Unser neues F\u00f6rderband ist das h\u00f6chste auf dem Asiago Plateau. Die zwei F\u00f6rderb\u00e4nder dienen der Bob-Bahn zum Rodelspa\u00df<\/p>\n\t\t<\/div>\n\t\t\n\t\t<a class=\"elementor-post__read-more\" href=\"https:\/\/www.valformica.it\/de\/2023\/01\/15\/das-hochste-band-auf-altopiano-di-asiago\/\" aria-label=\"Mehr \u00fcber Das h\u00f6chste F\u00f6rderand auf Altopiano di Asiago\" tabindex=\"-1\" >\n\t\t\tMehr lesen \u00bb\t\t<\/a>\n\n\t\t\t\t<\/div>\n\t\t\t\t<div class=\"elementor-post__meta-data\">\n\t\t\t\t\t<span class=\"elementor-post-date\">\n\t\t\t15. Januar 2023\t\t<\/span>\n\t\t\t\t<\/div>\n\t\t\t\t\t<\/div>\n\t\t<\/article>\n\t\t\t\t<article class=\"elementor-post elementor-grid-item post-10611 post type-post status-publish format-standard has-post-thumbnail hentry tag-chalet-val-formica tag-schnee tag-val-formica-de\" role=\"listitem\">\n\t\t\t<div class=\"elementor-post__card\">\n\t\t\t\t<a class=\"elementor-post__thumbnail__link\" href=\"https:\/\/www.valformica.it\/de\/2023\/01\/02\/eingetaucht-in-schnee\/\" tabindex=\"-1\" ><div class=\"elementor-post__thumbnail\"><img decoding=\"async\" width=\"800\" height=\"600\" src=\"https:\/\/www.valformica.it\/wp-content\/uploads\/2023\/01\/Immersi-nella-neve-val-formica-1024x768.jpg\" class=\"attachment-large size-large wp-image-10187\" alt=\"\" srcset=\"https:\/\/www.valformica.it\/wp-content\/uploads\/2023\/01\/Immersi-nella-neve-val-formica-1024x768.jpg 1024w, https:\/\/www.valformica.it\/wp-content\/uploads\/2023\/01\/Immersi-nella-neve-val-formica-300x225.jpg 300w, https:\/\/www.valformica.it\/wp-content\/uploads\/2023\/01\/Immersi-nella-neve-val-formica-768x576.jpg 768w, https:\/\/www.valformica.it\/wp-content\/uploads\/2023\/01\/Immersi-nella-neve-val-formica.jpg 1200w\" sizes=\"(max-width: 800px) 100vw, 800px\" \/><\/div><\/a>\n\t\t\t\t<div class=\"elementor-post__text\">\n\t\t\t\t<h3 class=\"elementor-post__title\">\n\t\t\t<a href=\"https:\/\/www.valformica.it\/de\/2023\/01\/02\/eingetaucht-in-schnee\/\" >\n\t\t\t\tEingetaucht in Schnee!\t\t\t<\/a>\n\t\t<\/h3>\n\t\t\t\t<div class=\"elementor-post__excerpt\">\n\t\t\t<p>Schneeschuhe an, St\u00f6cke und Lust auf eine Wanderung im Schnee. Bei uns finden Sie Schneest\u00f6cke&#8230;<\/p>\n\t\t<\/div>\n\t\t\n\t\t<a class=\"elementor-post__read-more\" href=\"https:\/\/www.valformica.it\/de\/2023\/01\/02\/eingetaucht-in-schnee\/\" aria-label=\"Mehr \u00fcber Eingetaucht in Schnee!\" tabindex=\"-1\" >\n\t\t\tMehr lesen \u00bb\t\t<\/a>\n\n\t\t\t\t<\/div>\n\t\t\t\t<div class=\"elementor-post__meta-data\">\n\t\t\t\t\t<span class=\"elementor-post-date\">\n\t\t\t2. Januar 2023\t\t<\/span>\n\t\t\t\t<\/div>\n\t\t\t\t\t<\/div>\n\t\t<\/article>\n\t\t\t\t<article class=\"elementor-post elementor-grid-item post-10791 post type-post status-publish format-standard has-post-thumbnail hentry category-natur tag-schnee tag-trampelpfade tag-trekking-de tag-val-formica-de\" role=\"listitem\">\n\t\t\t<div class=\"elementor-post__card\">\n\t\t\t\t<a class=\"elementor-post__thumbnail__link\" href=\"https:\/\/www.valformica.it\/de\/2022\/12\/18\/wie-schoen-es-sich-anfuehlt-in-den-schnee-zu-treten\/\" tabindex=\"-1\" ><div class=\"elementor-post__thumbnail\"><img loading=\"lazy\" decoding=\"async\" width=\"800\" height=\"600\" src=\"https:\/\/www.valformica.it\/wp-content\/uploads\/2023\/01\/Come-bello-pestare-la-neve-val-formica-1024x768.jpg\" class=\"attachment-large size-large wp-image-10181\" alt=\"\" srcset=\"https:\/\/www.valformica.it\/wp-content\/uploads\/2023\/01\/Come-bello-pestare-la-neve-val-formica-1024x768.jpg 1024w, https:\/\/www.valformica.it\/wp-content\/uploads\/2023\/01\/Come-bello-pestare-la-neve-val-formica-300x225.jpg 300w, https:\/\/www.valformica.it\/wp-content\/uploads\/2023\/01\/Come-bello-pestare-la-neve-val-formica-768x576.jpg 768w, https:\/\/www.valformica.it\/wp-content\/uploads\/2023\/01\/Come-bello-pestare-la-neve-val-formica.jpg 1200w\" sizes=\"(max-width: 800px) 100vw, 800px\" \/><\/div><\/a>\n\t\t\t\t<div class=\"elementor-post__badge\">NATUR<\/div>\n\t\t\t\t<div class=\"elementor-post__text\">\n\t\t\t\t<h3 class=\"elementor-post__title\">\n\t\t\t<a href=\"https:\/\/www.valformica.it\/de\/2022\/12\/18\/wie-schoen-es-sich-anfuehlt-in-den-schnee-zu-treten\/\" >\n\t\t\t\twie sch\u00f6n der Schnee ist!\t\t\t<\/a>\n\t\t<\/h3>\n\t\t\t\t<div class=\"elementor-post__excerpt\">\n\t\t\t<p>Sie k\u00f6nnen leicht dank dem Trampelpfad im Schnee zu Porta Manazzo wandern und dann in der N\u00e4he unserer Pisten zur\u00fcckkehren.<\/p>\n\t\t<\/div>\n\t\t\n\t\t<a class=\"elementor-post__read-more\" href=\"https:\/\/www.valformica.it\/de\/2022\/12\/18\/wie-schoen-es-sich-anfuehlt-in-den-schnee-zu-treten\/\" aria-label=\"Mehr \u00fcber wie sch\u00f6n der Schnee ist!\" tabindex=\"-1\" >\n\t\t\tMehr lesen \u00bb\t\t<\/a>\n\n\t\t\t\t<\/div>\n\t\t\t\t<div class=\"elementor-post__meta-data\">\n\t\t\t\t\t<span class=\"elementor-post-date\">\n\t\t\t18. Dezember 2022\t\t<\/span>\n\t\t\t\t<\/div>\n\t\t\t\t\t<\/div>\n\t\t<\/article>\n\t\t\t\t<\/div>\n\t\t\n\t\t\t\t\t\t<\/div>\n\t\t\t\t<\/div>\n\t\t\t\t\t<\/div>\n\t\t<\/div>\n\t\t\t\t\t<\/div>\n\t\t<\/section>\n\t\t\t\t<\/div>\n\t\t","protected":false},"excerpt":{"rendered":"<p>Nachrichten Luxury Resort Val Formica ERFAHREN SIE ALLE NEWS VON VAL FORMICA UND BLEIBEN SIE AUF DEM LAUFENDEN<\/p>\n","protected":false},"author":1,"featured_media":10033,"parent":0,"menu_order":0,"comment_status":"closed","ping_status":"closed","template":"","meta":{"_jf_save_progress":"","footnotes":""},"class_list":["post-10672","page","type-page","status-publish","has-post-thumbnail","hentry"],"yoast_head":"<!-- This site is optimized with the Yoast SEO plugin v27.3 - https:\/\/yoast.com\/product\/yoast-seo-wordpress\/ -->\n<title>Nachrichten - Rifugio Val Formica<\/title>\n<meta name=\"description\" content=\"Erfahren Sie alle News von Val Formica und bleiben Sie auf dem Laufenden. Jeden Monat viele neue Artikel, die \u00fcber unsere Berge berichten.\" \/>\n<meta name=\"robots\" content=\"index, follow, max-snippet:-1, max-image-preview:large, max-video-preview:-1\" \/>\n<link rel=\"canonical\" href=\"https:\/\/www.valformica.it\/de\/nachrichten\/\" \/>\n<meta property=\"og:locale\" content=\"de_DE\" \/>\n<meta property=\"og:type\" content=\"article\" \/>\n<meta property=\"og:title\" content=\"Neuigkeiten aus dem Rifugio Val Formica\" \/>\n<meta property=\"og:description\" content=\"Erfahren Sie alle News von Val Formica und bleiben Sie auf dem Laufenden. Jeden Monat viele neue Artikel, die \u00fcber unsere Berge berichten.\" \/>\n<meta property=\"og:url\" content=\"https:\/\/www.valformica.it\/de\/nachrichten\/\" \/>\n<meta property=\"og:site_name\" content=\"Rifugio Val Formica\" \/>\n<meta property=\"article:modified_time\" content=\"2023-09-26T15:34:49+00:00\" \/>\n<meta property=\"og:image\" content=\"https:\/\/www.valformica.it\/wp-content\/uploads\/2023\/01\/VF_F_LEO11201-1024x683.jpeg\" \/>\n<meta name=\"twitter:card\" content=\"summary_large_image\" \/>\n<meta name=\"twitter:title\" content=\"Neuigkeiten aus dem Rifugio Val Formica\" \/>\n<meta name=\"twitter:description\" content=\"Erfahren Sie alle News von Val Formica und bleiben Sie auf dem Laufenden. Jeden Monat viele neue Artikel, die \u00fcber unsere Berge berichten.\" \/>\n<meta name=\"twitter:image\" content=\"https:\/\/www.valformica.it\/wp-content\/uploads\/2023\/01\/VF_F_LEO11201-1024x683.jpeg\" \/>\n<meta name=\"twitter:label1\" content=\"Gesch\u00e4tzte Lesezeit\" \/>\n\t<meta name=\"twitter:data1\" content=\"2\u00a0Minuten\" \/>\n<script type=\"application\/ld+json\" class=\"yoast-schema-graph\">{\"@context\":\"https:\\\/\\\/schema.org\",\"@graph\":[{\"@type\":\"WebPage\",\"@id\":\"https:\\\/\\\/www.valformica.it\\\/de\\\/nachrichten\\\/\",\"url\":\"https:\\\/\\\/www.valformica.it\\\/de\\\/nachrichten\\\/\",\"name\":\"Nachrichten - Rifugio Val Formica\",\"isPartOf\":{\"@id\":\"https:\\\/\\\/www.valformica.it\\\/de\\\/#website\"},\"primaryImageOfPage\":{\"@id\":\"https:\\\/\\\/www.valformica.it\\\/de\\\/nachrichten\\\/#primaryimage\"},\"image\":{\"@id\":\"https:\\\/\\\/www.valformica.it\\\/de\\\/nachrichten\\\/#primaryimage\"},\"thumbnailUrl\":\"https:\\\/\\\/www.valformica.it\\\/wp-content\\\/uploads\\\/2023\\\/01\\\/VF_F_LEO11201.jpeg\",\"datePublished\":\"2023-01-11T11:18:37+00:00\",\"dateModified\":\"2023-09-26T15:34:49+00:00\",\"description\":\"Erfahren Sie alle News von Val Formica und bleiben Sie auf dem Laufenden. Jeden Monat viele neue Artikel, die \u00fcber unsere Berge berichten.\",\"breadcrumb\":{\"@id\":\"https:\\\/\\\/www.valformica.it\\\/de\\\/nachrichten\\\/#breadcrumb\"},\"inLanguage\":\"de\",\"potentialAction\":[{\"@type\":\"ReadAction\",\"target\":[\"https:\\\/\\\/www.valformica.it\\\/de\\\/nachrichten\\\/\"]}]},{\"@type\":\"ImageObject\",\"inLanguage\":\"de\",\"@id\":\"https:\\\/\\\/www.valformica.it\\\/de\\\/nachrichten\\\/#primaryimage\",\"url\":\"https:\\\/\\\/www.valformica.it\\\/wp-content\\\/uploads\\\/2023\\\/01\\\/VF_F_LEO11201.jpeg\",\"contentUrl\":\"https:\\\/\\\/www.valformica.it\\\/wp-content\\\/uploads\\\/2023\\\/01\\\/VF_F_LEO11201.jpeg\",\"width\":1200,\"height\":800},{\"@type\":\"BreadcrumbList\",\"@id\":\"https:\\\/\\\/www.valformica.it\\\/de\\\/nachrichten\\\/#breadcrumb\",\"itemListElement\":[{\"@type\":\"ListItem\",\"position\":1,\"name\":\"Home\",\"item\":\"https:\\\/\\\/www.valformica.it\\\/de\\\/\"},{\"@type\":\"ListItem\",\"position\":2,\"name\":\"Nachrichten\"}]},{\"@type\":\"WebSite\",\"@id\":\"https:\\\/\\\/www.valformica.it\\\/de\\\/#website\",\"url\":\"https:\\\/\\\/www.valformica.it\\\/de\\\/\",\"name\":\"Rifugio Val Formica\",\"description\":\"Luxury Resort\",\"publisher\":{\"@id\":\"https:\\\/\\\/www.valformica.it\\\/de\\\/#organization\"},\"potentialAction\":[{\"@type\":\"SearchAction\",\"target\":{\"@type\":\"EntryPoint\",\"urlTemplate\":\"https:\\\/\\\/www.valformica.it\\\/de\\\/?s={search_term_string}\"},\"query-input\":{\"@type\":\"PropertyValueSpecification\",\"valueRequired\":true,\"valueName\":\"search_term_string\"}}],\"inLanguage\":\"de\"},{\"@type\":\"Organization\",\"@id\":\"https:\\\/\\\/www.valformica.it\\\/de\\\/#organization\",\"name\":\"Rifugio Val Formica\",\"url\":\"https:\\\/\\\/www.valformica.it\\\/de\\\/\",\"logo\":{\"@type\":\"ImageObject\",\"inLanguage\":\"de\",\"@id\":\"https:\\\/\\\/www.valformica.it\\\/de\\\/#\\\/schema\\\/logo\\\/image\\\/\",\"url\":\"https:\\\/\\\/www.valformica.it\\\/wp-content\\\/uploads\\\/2022\\\/07\\\/LOGORisorsa-2VALFORMICA.png\",\"contentUrl\":\"https:\\\/\\\/www.valformica.it\\\/wp-content\\\/uploads\\\/2022\\\/07\\\/LOGORisorsa-2VALFORMICA.png\",\"width\":900,\"height\":439,\"caption\":\"Rifugio Val Formica\"},\"image\":{\"@id\":\"https:\\\/\\\/www.valformica.it\\\/de\\\/#\\\/schema\\\/logo\\\/image\\\/\"}}]}<\/script>\n<!-- \/ Yoast SEO plugin. -->","yoast_head_json":{"title":"Nachrichten - Rifugio Val Formica","description":"Erfahren Sie alle News von Val Formica und bleiben Sie auf dem Laufenden. Jeden Monat viele neue Artikel, die \u00fcber unsere Berge berichten.","robots":{"index":"index","follow":"follow","max-snippet":"max-snippet:-1","max-image-preview":"max-image-preview:large","max-video-preview":"max-video-preview:-1"},"canonical":"https:\/\/www.valformica.it\/de\/nachrichten\/","og_locale":"de_DE","og_type":"article","og_title":"Neuigkeiten aus dem Rifugio Val Formica","og_description":"Erfahren Sie alle News von Val Formica und bleiben Sie auf dem Laufenden. Jeden Monat viele neue Artikel, die \u00fcber unsere Berge berichten.","og_url":"https:\/\/www.valformica.it\/de\/nachrichten\/","og_site_name":"Rifugio Val Formica","article_modified_time":"2023-09-26T15:34:49+00:00","og_image":[{"url":"https:\/\/www.valformica.it\/wp-content\/uploads\/2023\/01\/VF_F_LEO11201-1024x683.jpeg","type":"","width":"","height":""}],"twitter_card":"summary_large_image","twitter_title":"Neuigkeiten aus dem Rifugio Val Formica","twitter_description":"Erfahren Sie alle News von Val Formica und bleiben Sie auf dem Laufenden. Jeden Monat viele neue Artikel, die \u00fcber unsere Berge berichten.","twitter_image":"https:\/\/www.valformica.it\/wp-content\/uploads\/2023\/01\/VF_F_LEO11201-1024x683.jpeg","twitter_misc":{"Gesch\u00e4tzte Lesezeit":"2\u00a0Minuten"},"schema":{"@context":"https:\/\/schema.org","@graph":[{"@type":"WebPage","@id":"https:\/\/www.valformica.it\/de\/nachrichten\/","url":"https:\/\/www.valformica.it\/de\/nachrichten\/","name":"Nachrichten - Rifugio Val Formica","isPartOf":{"@id":"https:\/\/www.valformica.it\/de\/#website"},"primaryImageOfPage":{"@id":"https:\/\/www.valformica.it\/de\/nachrichten\/#primaryimage"},"image":{"@id":"https:\/\/www.valformica.it\/de\/nachrichten\/#primaryimage"},"thumbnailUrl":"https:\/\/www.valformica.it\/wp-content\/uploads\/2023\/01\/VF_F_LEO11201.jpeg","datePublished":"2023-01-11T11:18:37+00:00","dateModified":"2023-09-26T15:34:49+00:00","description":"Erfahren Sie alle News von Val Formica und bleiben Sie auf dem Laufenden. Jeden Monat viele neue Artikel, die \u00fcber unsere Berge berichten.","breadcrumb":{"@id":"https:\/\/www.valformica.it\/de\/nachrichten\/#breadcrumb"},"inLanguage":"de","potentialAction":[{"@type":"ReadAction","target":["https:\/\/www.valformica.it\/de\/nachrichten\/"]}]},{"@type":"ImageObject","inLanguage":"de","@id":"https:\/\/www.valformica.it\/de\/nachrichten\/#primaryimage","url":"https:\/\/www.valformica.it\/wp-content\/uploads\/2023\/01\/VF_F_LEO11201.jpeg","contentUrl":"https:\/\/www.valformica.it\/wp-content\/uploads\/2023\/01\/VF_F_LEO11201.jpeg","width":1200,"height":800},{"@type":"BreadcrumbList","@id":"https:\/\/www.valformica.it\/de\/nachrichten\/#breadcrumb","itemListElement":[{"@type":"ListItem","position":1,"name":"Home","item":"https:\/\/www.valformica.it\/de\/"},{"@type":"ListItem","position":2,"name":"Nachrichten"}]},{"@type":"WebSite","@id":"https:\/\/www.valformica.it\/de\/#website","url":"https:\/\/www.valformica.it\/de\/","name":"Rifugio Val Formica","description":"Luxury Resort","publisher":{"@id":"https:\/\/www.valformica.it\/de\/#organization"},"potentialAction":[{"@type":"SearchAction","target":{"@type":"EntryPoint","urlTemplate":"https:\/\/www.valformica.it\/de\/?s={search_term_string}"},"query-input":{"@type":"PropertyValueSpecification","valueRequired":true,"valueName":"search_term_string"}}],"inLanguage":"de"},{"@type":"Organization","@id":"https:\/\/www.valformica.it\/de\/#organization","name":"Rifugio Val Formica","url":"https:\/\/www.valformica.it\/de\/","logo":{"@type":"ImageObject","inLanguage":"de","@id":"https:\/\/www.valformica.it\/de\/#\/schema\/logo\/image\/","url":"https:\/\/www.valformica.it\/wp-content\/uploads\/2022\/07\/LOGORisorsa-2VALFORMICA.png","contentUrl":"https:\/\/www.valformica.it\/wp-content\/uploads\/2022\/07\/LOGORisorsa-2VALFORMICA.png","width":900,"height":439,"caption":"Rifugio Val Formica"},"image":{"@id":"https:\/\/www.valformica.it\/de\/#\/schema\/logo\/image\/"}}]}},"_links":{"self":[{"href":"https:\/\/www.valformica.it\/de\/wp-json\/wp\/v2\/pages\/10672","targetHints":{"allow":["GET"]}}],"collection":[{"href":"https:\/\/www.valformica.it\/de\/wp-json\/wp\/v2\/pages"}],"about":[{"href":"https:\/\/www.valformica.it\/de\/wp-json\/wp\/v2\/types\/page"}],"author":[{"embeddable":true,"href":"https:\/\/www.valformica.it\/de\/wp-json\/wp\/v2\/users\/1"}],"replies":[{"embeddable":true,"href":"https:\/\/www.valformica.it\/de\/wp-json\/wp\/v2\/comments?post=10672"}],"version-history":[{"count":0,"href":"https:\/\/www.valformica.it\/de\/wp-json\/wp\/v2\/pages\/10672\/revisions"}],"wp:featuredmedia":[{"embeddable":true,"href":"https:\/\/www.valformica.it\/de\/wp-json\/wp\/v2\/media\/10033"}],"wp:attachment":[{"href":"https:\/\/www.valformica.it\/de\/wp-json\/wp\/v2\/media?parent=10672"}],"curies":[{"name":"wp","href":"https:\/\/api.w.org\/{rel}","templated":true}]}}